{"id":1157,"date":"2020-05-06T15:25:03","date_gmt":"2020-05-06T13:25:03","guid":{"rendered":"https:\/\/www.hesvik.no\/?post_type=product&#038;p=1157"},"modified":"2020-05-06T15:43:31","modified_gmt":"2020-05-06T13:43:31","slug":"hustavle-4","status":"publish","type":"product","link":"https:\/\/www.hesvik.no\/en\/product\/hustavle-4\/","title":{"rendered":"Hustavle"},"content":{"rendered":"<p>Hustavle<\/p>\n<p>&#8221; Gud gi meg slik sinnsro<\/p>\n<p>at jeg form\u00e5r \u00e5 godta de ting<\/p>\n<p>jeg ikke kan forandre &#8211;<\/p>\n<p>de ting jeg kan &#8211;<\/p>\n<p>forstand til \u00e5 se forskjellen.&#8221;<\/p>\n<p>M\u00e5la p\u00e5 treplate i bj\u00f8rk \/ painted on wooden board in birch<\/p>\n<p>Teknikk: Olje \/ technique:<\/p>\n<p>H:35 B:52<\/p>\n","protected":false},"excerpt":{"rendered":"<p>Hustavle &#8221; Gud gi meg slik sinnsro at jeg form\u00e5r \u00e5 godta de ting jeg ikke kan forandre &#8211; de ting jeg kan &#8211; forstand til \u00e5 se forskjellen.&#8221; M\u00e5la p\u00e5 treplate i bj\u00f8rk \/ painted on wooden board in birch Teknikk: Olje \/ technique: H:35 B:52<\/p>\n","protected":false},"featured_media":1158,"template":"","meta":[],"product_brand":[],"product_cat":[51],"product_tag":[],"class_list":{"0":"post-1157","1":"product","2":"type-product","3":"status-publish","4":"has-post-thumbnail","6":"product_cat-hustavler","8":"first","9":"instock","10":"shipping-taxable","11":"purchasable","12":"product-type-simple"},"aioseo_notices":[],"_links":{"self":[{"href":"https:\/\/www.hesvik.no\/en\/wp-json\/wp\/v2\/product\/1157","targetHints":{"allow":["GET"]}}],"collection":[{"href":"https:\/\/www.hesvik.no\/en\/wp-json\/wp\/v2\/product"}],"about":[{"href":"https:\/\/www.hesvik.no\/en\/wp-json\/wp\/v2\/types\/product"}],"wp:featuredmedia":[{"embeddable":true,"href":"https:\/\/www.hesvik.no\/en\/wp-json\/wp\/v2\/media\/1158"}],"wp:attachment":[{"href":"https:\/\/www.hesvik.no\/en\/wp-json\/wp\/v2\/media?parent=1157"}],"wp:term":[{"taxonomy":"product_brand","embeddable":true,"href":"https:\/\/www.hesvik.no\/en\/wp-json\/wp\/v2\/product_brand?post=1157"},{"taxonomy":"product_cat","embeddable":true,"href":"https:\/\/www.hesvik.no\/en\/wp-json\/wp\/v2\/product_cat?post=1157"},{"taxonomy":"product_tag","embeddable":true,"href":"https:\/\/www.hesvik.no\/en\/wp-json\/wp\/v2\/product_tag?post=1157"}],"curies":[{"name":"wp","href":"https:\/\/api.w.org\/{rel}","templated":true}]}}