{"id":1230,"date":"2020-05-08T15:44:28","date_gmt":"2020-05-08T13:44:28","guid":{"rendered":"https:\/\/www.hesvik.no\/?post_type=product&#038;p=1230"},"modified":"2020-05-08T15:44:28","modified_gmt":"2020-05-08T13:44:28","slug":"ornament","status":"publish","type":"product","link":"https:\/\/www.hesvik.no\/en\/product\/ornament\/","title":{"rendered":"&#8220;Ornament&#8221;"},"content":{"rendered":"<p>Sk\u00e5l dreia i bj\u00f8rk av \u00d8ystein Kartveit \/ Bowl wood turning in birch by \u00d8ystein Kartveit<\/p>\n<p>D: 29<\/p>\n<p>Teknikk: Olje \/ technique: Oil<\/p>\n","protected":false},"excerpt":{"rendered":"<p>Sk\u00e5l dreia i bj\u00f8rk av \u00d8ystein Kartveit \/ Bowl wood turning in birch by \u00d8ystein Kartveit D: 29 Teknikk: Olje \/ technique: Oil<\/p>\n","protected":false},"featured_media":1231,"template":"","meta":[],"product_brand":[],"product_cat":[49],"product_tag":[],"class_list":{"0":"post-1230","1":"product","2":"type-product","3":"status-publish","4":"has-post-thumbnail","6":"product_cat-anna-2","8":"first","9":"instock","10":"shipping-taxable","11":"purchasable","12":"product-type-simple"},"aioseo_notices":[],"_links":{"self":[{"href":"https:\/\/www.hesvik.no\/en\/wp-json\/wp\/v2\/product\/1230","targetHints":{"allow":["GET"]}}],"collection":[{"href":"https:\/\/www.hesvik.no\/en\/wp-json\/wp\/v2\/product"}],"about":[{"href":"https:\/\/www.hesvik.no\/en\/wp-json\/wp\/v2\/types\/product"}],"wp:featuredmedia":[{"embeddable":true,"href":"https:\/\/www.hesvik.no\/en\/wp-json\/wp\/v2\/media\/1231"}],"wp:attachment":[{"href":"https:\/\/www.hesvik.no\/en\/wp-json\/wp\/v2\/media?parent=1230"}],"wp:term":[{"taxonomy":"product_brand","embeddable":true,"href":"https:\/\/www.hesvik.no\/en\/wp-json\/wp\/v2\/product_brand?post=1230"},{"taxonomy":"product_cat","embeddable":true,"href":"https:\/\/www.hesvik.no\/en\/wp-json\/wp\/v2\/product_cat?post=1230"},{"taxonomy":"product_tag","embeddable":true,"href":"https:\/\/www.hesvik.no\/en\/wp-json\/wp\/v2\/product_tag?post=1230"}],"curies":[{"name":"wp","href":"https:\/\/api.w.org\/{rel}","templated":true}]}}