{"id":1275,"date":"2020-11-28T23:05:22","date_gmt":"2020-11-28T22:05:22","guid":{"rendered":"https:\/\/www.hesvik.no\/?post_type=product&#038;p=1275"},"modified":"2020-12-01T17:09:26","modified_gmt":"2020-12-01T16:09:26","slug":"blikk-ii-gicleetrykk-m-passepartout","status":"publish","type":"product","link":"https:\/\/www.hesvik.no\/en\/product\/blikk-ii-gicleetrykk-m-passepartout\/","title":{"rendered":"&#8220;Blikk II&#8221; Gicleetrykk m\/ passepartout \/&#8221;A glance&#8221;with PP."},"content":{"rendered":"<p>Etter unspirasjon fr\u00e5 fotograf Knud Knudsen (1843-1915)<\/p>\n<p>Blikket for livet rundt seg, komposisjon og detaljer gav inspirasjon for bildet.<\/p>\n<p>Knud Knudsen sette dagleg livet i fokus , kvardagsmenneske og kvardagslege gjerem\u00e5l. Han forgylla og fekk fram den beste augneblinken. Med dette som utgangspunkt nytta eg gull som symbol p\u00e5 livet og\u00a0 dei gyldne augneblink. Eg nytta den ovale forma som r\u00e5me for motiva, d\u00e5 denne forma vart mykje nytta p\u00e5 dei tidlegaste innramma foto . Ei god form som setter fokus p\u00e5 det sentrale motiv.<\/p>\n<p>Blikk II Gicleetrykk H:63 B:50 m\/passepartout kr. 3 500,-<\/p>\n<p>&nbsp;<\/p>\n","protected":false},"excerpt":{"rendered":"<p>Etter unspirasjon fr\u00e5 fotograf Knud Knudsen (1843-1915) Blikket for livet rundt seg, komposisjon og detaljer gav inspirasjon for bildet. Knud Knudsen sette dagleg livet i fokus , kvardagsmenneske og kvardagslege gjerem\u00e5l. Han forgylla og fekk fram den beste augneblinken. Med dette som utgangspunkt nytta eg gull som symbol p\u00e5 livet og\u00a0 dei gyldne augneblink. Eg [&hellip;]<\/p>\n","protected":false},"featured_media":1175,"template":"","meta":[],"product_brand":[],"product_cat":[48],"product_tag":[],"class_list":{"0":"post-1275","1":"product","2":"type-product","3":"status-publish","4":"has-post-thumbnail","6":"product_cat-trykk-2","8":"first","9":"instock","10":"shipping-taxable","11":"purchasable","12":"product-type-simple"},"aioseo_notices":[],"_links":{"self":[{"href":"https:\/\/www.hesvik.no\/en\/wp-json\/wp\/v2\/product\/1275","targetHints":{"allow":["GET"]}}],"collection":[{"href":"https:\/\/www.hesvik.no\/en\/wp-json\/wp\/v2\/product"}],"about":[{"href":"https:\/\/www.hesvik.no\/en\/wp-json\/wp\/v2\/types\/product"}],"wp:featuredmedia":[{"embeddable":true,"href":"https:\/\/www.hesvik.no\/en\/wp-json\/wp\/v2\/media\/1175"}],"wp:attachment":[{"href":"https:\/\/www.hesvik.no\/en\/wp-json\/wp\/v2\/media?parent=1275"}],"wp:term":[{"taxonomy":"product_brand","embeddable":true,"href":"https:\/\/www.hesvik.no\/en\/wp-json\/wp\/v2\/product_brand?post=1275"},{"taxonomy":"product_cat","embeddable":true,"href":"https:\/\/www.hesvik.no\/en\/wp-json\/wp\/v2\/product_cat?post=1275"},{"taxonomy":"product_tag","embeddable":true,"href":"https:\/\/www.hesvik.no\/en\/wp-json\/wp\/v2\/product_tag?post=1275"}],"curies":[{"name":"wp","href":"https:\/\/api.w.org\/{rel}","templated":true}]}}