{"id":1280,"date":"2020-12-01T16:00:10","date_gmt":"2020-12-01T15:00:10","guid":{"rendered":"https:\/\/www.hesvik.no\/?post_type=product&#038;p=1280"},"modified":"2025-10-03T09:38:36","modified_gmt":"2025-10-03T07:38:36","slug":"vegen-inn-i-framtida-giclee-trykk-m-passepartout-og-ramme","status":"publish","type":"product","link":"https:\/\/www.hesvik.no\/en\/product\/vegen-inn-i-framtida-giclee-trykk-m-passepartout-og-ramme\/","title":{"rendered":"&#8220;Vegen inn i framtida&#8221; Giclee trykk m syrefri \/passepartout, ramme med kunstglass"},"content":{"rendered":"<p>Etter inspirasjon fr\u00e5 Fotograf Knud Knudsen (1832-1915), Norges\u00a0 betydeligste\u00a0 landskapsfotograf fr\u00e5 1800 talet. Knudsen var fr\u00e5 Tokheim i Odda. Knudsen var den f\u00f8rste som fotograferte heile Norge systematisk og innen 1898 hadde han en samling p\u00e5 omkring 9000 bilder fra store deler av landet.<\/p>\n<p>Maleriet mitt setter fokus p\u00e5 den utviklinga Knud Knudsen vart ein stor del av. Den store interessa for fotografiet og det store arbeidet han la i det. Ein kjenner p\u00e5 seg kor mykje tungt arbeid det m\u00e5tte v\u00e6re \u00e5 frakte det tunge fotoutstyret med seg overalt \u2013 ogs\u00e5 det \u00e5 sette opp eit m\u00f8rkerom der han kom langs nybrotte vegar i ulendt terreng med hest og kjerre. Den entusiasmen han hadde for vegutbygginga og der han nytta dei nye vegane for nye reiser og nye perspektiver. Ljoset i gull fr\u00e5 fotoapparatet symboliserer her b\u00e5de ljoset og vegen. Vegen inn i framtida.<\/p>\n<p>Gicleetrykk H:45 B:60\u00a0 Kan kj\u00f8pes med m\/passepartout foliert med plast kr 4000,-<\/p>\n<p>eller med syrefri passepartout og ramme kr. 5 800,-<\/p>\n<p>&nbsp;<\/p>\n","protected":false},"excerpt":{"rendered":"<p>Etter inspirasjon fr\u00e5 Fotograf Knud Knudsen (1832-1915), Norges\u00a0 betydeligste\u00a0 landskapsfotograf fr\u00e5 1800 talet. Knudsen var fr\u00e5 Tokheim i Odda. Knudsen var den f\u00f8rste som fotograferte heile Norge systematisk og innen 1898 hadde han en samling p\u00e5 omkring 9000 bilder fra store deler av landet. Maleriet mitt setter fokus p\u00e5 den utviklinga Knud Knudsen vart ein [&hellip;]<\/p>\n","protected":false},"featured_media":1281,"template":"","meta":[],"product_brand":[],"product_cat":[48],"product_tag":[],"class_list":{"0":"post-1280","1":"product","2":"type-product","3":"status-publish","4":"has-post-thumbnail","6":"product_cat-trykk-2","8":"first","9":"instock","10":"shipping-taxable","11":"purchasable","12":"product-type-simple"},"aioseo_notices":[],"_links":{"self":[{"href":"https:\/\/www.hesvik.no\/en\/wp-json\/wp\/v2\/product\/1280","targetHints":{"allow":["GET"]}}],"collection":[{"href":"https:\/\/www.hesvik.no\/en\/wp-json\/wp\/v2\/product"}],"about":[{"href":"https:\/\/www.hesvik.no\/en\/wp-json\/wp\/v2\/types\/product"}],"wp:featuredmedia":[{"embeddable":true,"href":"https:\/\/www.hesvik.no\/en\/wp-json\/wp\/v2\/media\/1281"}],"wp:attachment":[{"href":"https:\/\/www.hesvik.no\/en\/wp-json\/wp\/v2\/media?parent=1280"}],"wp:term":[{"taxonomy":"product_brand","embeddable":true,"href":"https:\/\/www.hesvik.no\/en\/wp-json\/wp\/v2\/product_brand?post=1280"},{"taxonomy":"product_cat","embeddable":true,"href":"https:\/\/www.hesvik.no\/en\/wp-json\/wp\/v2\/product_cat?post=1280"},{"taxonomy":"product_tag","embeddable":true,"href":"https:\/\/www.hesvik.no\/en\/wp-json\/wp\/v2\/product_tag?post=1280"}],"curies":[{"name":"wp","href":"https:\/\/api.w.org\/{rel}","templated":true}]}}