{"id":1677,"date":"2023-05-05T12:01:13","date_gmt":"2023-05-05T10:01:13","guid":{"rendered":"https:\/\/www.hesvik.no\/?post_type=product&#038;p=1677"},"modified":"2023-05-05T12:10:38","modified_gmt":"2023-05-05T10:10:38","slug":"mindre-baerenett-med-ornamentet-hjarteband","status":"publish","type":"product","link":"https:\/\/www.hesvik.no\/en\/product\/mindre-baerenett-med-ornamentet-hjarteband\/","title":{"rendered":"Mindre b\u00e6renett med ornamentet &#8220;Hjarteband&#8221;"},"content":{"rendered":"<p>Mindre b\u00e6renett med ornamentet &#8220;Hjarteband&#8221;<\/p>\n<p>Fint nett for strikket\u00f8y, eller til \u00e5 bruke for mindre \u00e6rend.<\/p>\n<p>Kraftig bomullstoff.<\/p>\n","protected":false},"excerpt":{"rendered":"<p>Mindre b\u00e6renett med ornamentet &#8220;Hjarteband&#8221; Fint nett for strikket\u00f8y, eller til \u00e5 bruke for mindre \u00e6rend. Kraftig bomullstoff.<\/p>\n","protected":false},"featured_media":1678,"template":"","meta":[],"product_brand":[],"product_cat":[54],"product_tag":[],"class_list":{"0":"post-1677","1":"product","2":"type-product","3":"status-publish","4":"has-post-thumbnail","6":"product_cat-gaver","8":"first","9":"instock","10":"shipping-taxable","11":"purchasable","12":"product-type-simple"},"aioseo_notices":[],"_links":{"self":[{"href":"https:\/\/www.hesvik.no\/en\/wp-json\/wp\/v2\/product\/1677","targetHints":{"allow":["GET"]}}],"collection":[{"href":"https:\/\/www.hesvik.no\/en\/wp-json\/wp\/v2\/product"}],"about":[{"href":"https:\/\/www.hesvik.no\/en\/wp-json\/wp\/v2\/types\/product"}],"wp:featuredmedia":[{"embeddable":true,"href":"https:\/\/www.hesvik.no\/en\/wp-json\/wp\/v2\/media\/1678"}],"wp:attachment":[{"href":"https:\/\/www.hesvik.no\/en\/wp-json\/wp\/v2\/media?parent=1677"}],"wp:term":[{"taxonomy":"product_brand","embeddable":true,"href":"https:\/\/www.hesvik.no\/en\/wp-json\/wp\/v2\/product_brand?post=1677"},{"taxonomy":"product_cat","embeddable":true,"href":"https:\/\/www.hesvik.no\/en\/wp-json\/wp\/v2\/product_cat?post=1677"},{"taxonomy":"product_tag","embeddable":true,"href":"https:\/\/www.hesvik.no\/en\/wp-json\/wp\/v2\/product_tag?post=1677"}],"curies":[{"name":"wp","href":"https:\/\/api.w.org\/{rel}","templated":true}]}}